{"id":744,"date":"2024-05-15T08:20:40","date_gmt":"2024-05-15T08:20:40","guid":{"rendered":"https:\/\/aviatorkenya.co.ke\/aviator-at-kenya"},"modified":"2025-01-28T12:23:31","modified_gmt":"2025-01-28T12:23:31","slug":"aviator-at-kenya","status":"publish","type":"page","link":"https:\/\/aviatorkenya.co.ke\/fr","title":{"rendered":"Aviator at Kenya"},"content":{"rendered":"","protected":false},"excerpt":{"rendered":"","protected":false},"author":1,"featured_media":739,"parent":0,"menu_order":0,"comment_status":"closed","ping_status":"closed","template":"views\/page-home.php","meta":{"inline_featured_image":false,"footnotes":""},"acf":[],"yoast_head":"<!-- This site is optimized with the Yoast SEO plugin v22.7 - https:\/\/yoast.com\/wordpress\/plugins\/seo\/ -->\n<title>Paripesa Aviator | Jeu de Casino Palpitant avec Gros Gains<\/title>\n<meta name=\"description\" content=\"D\u00e9couvrez Paripesa Aviator, un jeu de casino captivant avec des multiplicateurs dynamiques. Jouez maintenant pour une exp\u00e9rience unique et des r\u00e9compenses incroyables !\" \/>\n<meta name=\"robots\" content=\"index, follow, max-snippet:-1, max-image-preview:large, max-video-preview:-1\" \/>\n<meta property=\"og:locale\" content=\"fr_FR\" \/>\n<meta property=\"og:type\" content=\"article\" \/>\n<meta property=\"og:title\" content=\"Paripesa Aviator | Jeu de Casino Palpitant avec Gros Gains\" \/>\n<meta property=\"og:description\" content=\"D\u00e9couvrez Paripesa Aviator, un jeu de casino captivant avec des multiplicateurs dynamiques. Jouez maintenant pour une exp\u00e9rience unique et des r\u00e9compenses incroyables !\" \/>\n<meta property=\"og:url\" content=\"https:\/\/aviatorkenya.co.ke\/fr\" \/>\n<meta property=\"og:site_name\" content=\"Aviator\" \/>\n<meta property=\"article:modified_time\" content=\"2025-01-28T12:23:31+00:00\" \/>\n<meta property=\"og:image\" content=\"https:\/\/aviatorkenya.co.ke\/wp-content\/uploads\/2024\/06\/aviator.jpg\" \/>\n\t<meta property=\"og:image:width\" content=\"600\" \/>\n\t<meta property=\"og:image:height\" content=\"519\" \/>\n\t<meta property=\"og:image:type\" content=\"image\/jpeg\" \/>\n<meta name=\"twitter:card\" content=\"summary_large_image\" \/>\n<meta name=\"twitter:label1\" content=\"Est. reading time\" \/>\n\t<meta name=\"twitter:data1\" content=\"1 minute\" \/>\n<!-- \/ Yoast SEO plugin. -->","yoast_head_json":{"title":"Paripesa Aviator | Jeu de Casino Palpitant avec Gros Gains","description":"D\u00e9couvrez Paripesa Aviator, un jeu de casino captivant avec des multiplicateurs dynamiques. Jouez maintenant pour une exp\u00e9rience unique et des r\u00e9compenses incroyables !","robots":{"index":"index","follow":"follow","max-snippet":"max-snippet:-1","max-image-preview":"max-image-preview:large","max-video-preview":"max-video-preview:-1"},"og_locale":"fr_FR","og_type":"article","og_title":"Paripesa Aviator | Jeu de Casino Palpitant avec Gros Gains","og_description":"D\u00e9couvrez Paripesa Aviator, un jeu de casino captivant avec des multiplicateurs dynamiques. Jouez maintenant pour une exp\u00e9rience unique et des r\u00e9compenses incroyables !","og_url":"https:\/\/aviatorkenya.co.ke\/fr","og_site_name":"Aviator","article_modified_time":"2025-01-28T12:23:31+00:00","og_image":[{"width":600,"height":519,"url":"https:\/\/aviatorkenya.co.ke\/wp-content\/uploads\/2024\/06\/aviator.jpg","type":"image\/jpeg"}],"twitter_card":"summary_large_image","twitter_misc":{"Est. reading time":"1 minute"},"schema":{"@context":"https:\/\/schema.org","@graph":[{"@type":["WebPage","FAQPage"],"@id":"https:\/\/aviatorkenya.co.ke\/fr","url":"https:\/\/aviatorkenya.co.ke\/fr","name":"Paripesa Aviator | Jeu de Casino Palpitant avec Gros Gains","isPartOf":{"@id":"https:\/\/aviatorkenya.co.ke\/#website"},"primaryImageOfPage":{"@id":"https:\/\/aviatorkenya.co.ke\/fr#primaryimage"},"image":{"@id":"https:\/\/aviatorkenya.co.ke\/fr#primaryimage"},"thumbnailUrl":"https:\/\/aviatorkenya.co.ke\/wp-content\/uploads\/2024\/06\/aviator.jpg","datePublished":"2024-05-15T08:20:40+00:00","dateModified":"2025-01-28T12:23:31+00:00","description":"D\u00e9couvrez Paripesa Aviator, un jeu de casino captivant avec des multiplicateurs dynamiques. Jouez maintenant pour une exp\u00e9rience unique et des r\u00e9compenses incroyables !","breadcrumb":{"@id":"https:\/\/aviatorkenya.co.ke\/fr#breadcrumb"},"inLanguage":"fr-CM","potentialAction":[{"@type":"ReadAction","target":["https:\/\/aviatorkenya.co.ke\/fr"]}]},{"@type":"ImageObject","inLanguage":"fr-CM","@id":"https:\/\/aviatorkenya.co.ke\/fr#primaryimage","url":"https:\/\/aviatorkenya.co.ke\/wp-content\/uploads\/2024\/06\/aviator.jpg","contentUrl":"https:\/\/aviatorkenya.co.ke\/wp-content\/uploads\/2024\/06\/aviator.jpg","width":600,"height":519},{"@type":"BreadcrumbList","@id":"https:\/\/aviatorkenya.co.ke\/fr#breadcrumb","itemListElement":[{"@type":"ListItem","position":1,"name":"Home","item":"https:\/\/aviatorkenya.co.ke\/fr"},{"@type":"ListItem","position":2,"name":"Aviator at Kenya"}]},{"@type":"WebSite","@id":"https:\/\/aviatorkenya.co.ke\/#website","url":"https:\/\/aviatorkenya.co.ke\/","name":"Aviator","description":"","potentialAction":[{"@type":"SearchAction","target":{"@type":"EntryPoint","urlTemplate":"https:\/\/aviatorkenya.co.ke\/?s={search_term_string}"},"query-input":"required name=search_term_string"}],"inLanguage":"fr-CM"}]}},"_links":{"self":[{"href":"https:\/\/aviatorkenya.co.ke\/fr\/wp-json\/wp\/v2\/pages\/744"}],"collection":[{"href":"https:\/\/aviatorkenya.co.ke\/fr\/wp-json\/wp\/v2\/pages"}],"about":[{"href":"https:\/\/aviatorkenya.co.ke\/fr\/wp-json\/wp\/v2\/types\/page"}],"author":[{"embeddable":true,"href":"https:\/\/aviatorkenya.co.ke\/fr\/wp-json\/wp\/v2\/users\/1"}],"replies":[{"embeddable":true,"href":"https:\/\/aviatorkenya.co.ke\/fr\/wp-json\/wp\/v2\/comments?post=744"}],"version-history":[{"count":1,"href":"https:\/\/aviatorkenya.co.ke\/fr\/wp-json\/wp\/v2\/pages\/744\/revisions"}],"predecessor-version":[{"id":794,"href":"https:\/\/aviatorkenya.co.ke\/fr\/wp-json\/wp\/v2\/pages\/744\/revisions\/794"}],"wp:featuredmedia":[{"embeddable":true,"href":"https:\/\/aviatorkenya.co.ke\/fr\/wp-json\/wp\/v2\/media\/739"}],"wp:attachment":[{"href":"https:\/\/aviatorkenya.co.ke\/fr\/wp-json\/wp\/v2\/media?parent=744"}],"curies":[{"name":"wp","href":"https:\/\/api.w.org\/{rel}","templated":true}]}}