{"id":1000,"date":"2025-04-15T10:03:41","date_gmt":"2025-04-15T10:03:41","guid":{"rendered":"https:\/\/aviatorkenya.co.ke\/login"},"modified":"2025-04-15T15:05:55","modified_gmt":"2025-04-15T15:05:55","slug":"login","status":"publish","type":"page","link":"https:\/\/aviatorkenya.co.ke\/mz\/login","title":{"rendered":"login"},"content":{"rendered":"\n<h1 class=\"wp-block-heading\">Login Aviator na Paripesa \u2013 Entre e Jogue com Dinheiro Real<\/h1>\n\n\n\n<p>Saber a hora certa de decolar e claro de descer antes que o avi\u00e3o suma do mapa \u00e9 o principal objetivo do login jogo <a href=\"\/mz\/\">Aviator online<\/a>, o famoso Avi\u00e3ozinho, um jogo emocionante e popular entre os jogadores de casino online. Para aproveitar de tudo o que o jogo tem para oferecer e preciso criar uma conta. Dessa forma pode se jogar com dinheiro real, aproveitar b\u00f3nus exclusivos e garantir uma experi\u00eancia segura e personalizada. Ent\u00e3o, preparado para decolar? Fa\u00e7a o seu registo jogo Aviator j\u00e1 e entre nesta viagem!<\/p>\n\n\n\n<h2 class=\"wp-block-heading has-text-align-center\">Descubra as Vantagens do Porqu\u00ea Registar Aviator Game<\/h2>\n\n\n\n<p>Fazer o registo e login Aviator Game abre-lhe as portas para uma experiencia de jogo completa e cheia de oportunidades. S\u00f3 os utilizadores registados podem jogar com dinheiro real, participar em torneios emocionantes e competir nas tabelas de classifica\u00e7\u00e3o.Al\u00e9m disso, ter\u00e1 acesso as funcionalidades de dep\u00f3sito e levantamento podendo gerir os seus ganhos com facilidade. O registo serve ainda pra guardar o progresso e deixar o jogo do jeitinho que voc\u00ea gosta.<\/p>\n\n\n\n<h2 class=\"wp-block-heading\">Como Registar no Jogo Aviator e Come\u00e7ar a Jogar J\u00e1!<\/h2>\n\n\n\n<p>Registar Jogo Aviator \u00e9 um processo r\u00e1pido e intuitivo.Para come\u00e7ar, siga este guia passo a passo:<\/p>\n\n\n\n<ol>\n<li>Entro no site oficial do Aviator PariPesa.<\/li>\n\n\n\n<li>Escolha a moeda que voce preferida para efetuar depositos e levantamentos.<\/li>\n\n\n\n<li>Preencha os seus dados pessoais, como email e palavra-passe.<\/li>\n\n\n\n<li>Concorde com os termos e condi\u00e7\u00f5es do jogo.<\/li>\n\n\n\n<li>Clique em \u201cEnviar\u201d e pronto! A sua conta est\u00e1 criada e pronta a usar.<\/li>\n<\/ol>\n\n\n\n<p>Depois do registo j\u00e1 pode explorar todas as funcionalidades participar em torneios e reclamar os b\u00f3nus de boas-vindas. Registar jogo Aviator oferece uma experi\u00eancia emocionante e com uma conta registada, ter\u00e1 acesso a tudo o que o jogo tem para oferecer.<\/p>\n\n\n\n<h2 class=\"wp-block-heading\">Como Iniciar Sess\u00e3o no Aviator Game?<\/h2>\n\n\n\n<p>Fazer login Aviator Game \u00e9 simples e r\u00e1pido. Basta seguir estes passos:<\/p>\n\n\n\n<ol>\n<li>Acesse o site oficial ou abra a aplica\u00e7\u00e3o do Aviator.<\/li>\n\n\n\n<li>Clique no bot\u00e3o \u201cIniciar sess\u00e3o\u201d.<\/li>\n\n\n\n<li>Introduza o seu e-mail ou nome de utilizador e a palavra-passe.<\/li>\n\n\n\n<li>Clique em \u201cparipesa aviator login\u201d e comece a jogar!<\/li>\n<\/ol>\n\n\n\n<h2 class=\"wp-block-heading\">Esqueceu-se da palavra-passe?<\/h2>\n\n\n\n<p>N\u00e3o se preocupe basta clicar em \u201cEsqueceu-se da palavra-passe?\u201d na p\u00e1gina de login. Ser\u00e1 redirecionado para um formul\u00e1rio onde pode introduzir o seu e-mail registado.Depois,siga as instru\u00e7\u00f5es enviadas para recuperar o acesso. Agora, est\u00e1 pronto para levantar voo e aproveitar o jogo!<\/p>\n\n\n\n<h2 class=\"wp-block-heading\">Dicas para um Registo e Login Sem Complica\u00e7\u00f5es<\/h2>\n\n\n\n<p>Garantir uma experiencia de registo e paripesa aviator login seguro \u00e9 fundamental.<\/p>\n\n\n\n<ul>\n<li>Ao criar uma conta forne\u00e7a informa\u00e7\u00f5es exactas e v\u00e1lidas para evitar problemas futuros.<\/li>\n\n\n\n<li>Escolha uma palavra-passe forte e \u00fanica, combinando letras, n\u00fameros e simbolos para aumentar a seguran\u00e7a.<\/li>\n\n\n\n<li>Nunca conte a ningu\u00e9m qual seu nome de usu\u00e1rio e senha.<\/li>\n\n\n\n<li>Se estiver a usar um dispositivo partilhado,lembre-se de terminar a sess\u00e3o para proteger os seus dados.<\/li>\n<\/ul>\n\n\n\n<p>Seguindo estas sugest\u00f5es de login jogo aviator gr\u00e1tis, garante um acesso sem complica\u00e7\u00f5es e mant\u00e9m a sua conta segura, evitando riscos desnecess\u00e1rios.<\/p>\n\n\n\n<h2 class=\"wp-block-heading\">FAQ<\/h2>\n\n\n\n<div class=\"schema-faq\"><div class=\"schema-faq-section\" id=\"faq-question-1744711080241\"><strong class=\"schema-faq-question\"><strong>\u00a0Que informa\u00e7\u00f5es s\u00e3o necess\u00e1rias para me registar?<\/strong><\/strong> <p class=\"schema-faq-answer\">Para registar jogo Aviator, deve fornecer um email v\u00e1lido, escolher um nome de utilizador e definir uma palavra-passe segura.Em alguns casos pode ser necess\u00e1rio confirmar a conta atrav\u00e9s de um c\u00f3digo enviado por e-mail.<\/p> <\/div> <div class=\"schema-faq-section\" id=\"faq-question-1744711101067\"><strong class=\"schema-faq-question\">O que devo fazer se me esquecer da palavra-passe?<\/strong> <p class=\"schema-faq-answer\">Se esquecer a sua senha, clique na op\u00e7\u00e3o &#8220;Recuperar senha&#8221; na p\u00e1gina de aviator jogo online login. Siga as instru\u00e7\u00f5es enviadas para o seu e-mail para redefinir a palavra-passe.<\/p> <\/div> <div class=\"schema-faq-section\" id=\"faq-question-1744711111830\"><strong class=\"schema-faq-question\">Como garantir a seguran\u00e7a da conta?<\/strong> <p class=\"schema-faq-answer\">Utilize uma senha forte e \u00fanica e nunca partilhe as suas credenciais do login no Aviator Paripesa. Alem disso, termine sempre a sess\u00e3o em dispositivos partilhados.<\/p> <\/div> <\/div>\n","protected":false},"excerpt":{"rendered":"<p>Login Aviator na Paripesa \u2013 Entre e Jogue com Dinheiro Real Saber a hora certa de decolar e claro de descer antes que o avi\u00e3o suma do mapa \u00e9 o principal objetivo do login jogo Aviator online, o famoso Avi\u00e3ozinho, um jogo emocionante e popular entre os jogadores de casino online. Para aproveitar de tudo [&hellip;]<\/p>\n","protected":false},"author":1,"featured_media":0,"parent":0,"menu_order":0,"comment_status":"closed","ping_status":"closed","template":"","meta":{"inline_featured_image":false,"footnotes":""},"acf":[],"yoast_head":"<!-- This site is optimized with the Yoast SEO plugin v22.7 - https:\/\/yoast.com\/wordpress\/plugins\/seo\/ -->\n<title>\u2708\ufe0f Aviator Login | Paripesa \u2013 Acesse e Comece a Jogar<\/title>\n<meta name=\"description\" content=\"Fa\u00e7a login no Aviator via Paripesa e aproveite apostas emocionantes com dinheiro real. Entre agora e decole para grandes pr\u00eamios!\" \/>\n<meta name=\"robots\" content=\"index, follow, max-snippet:-1, max-image-preview:large, max-video-preview:-1\" \/>\n<meta property=\"og:locale\" content=\"pt_PT\" \/>\n<meta property=\"og:type\" content=\"article\" \/>\n<meta property=\"og:title\" content=\"\u2708\ufe0f Aviator Login | Paripesa \u2013 Acesse e Comece a Jogar\" \/>\n<meta property=\"og:description\" content=\"Fa\u00e7a login no Aviator via Paripesa e aproveite apostas emocionantes com dinheiro real. Entre agora e decole para grandes pr\u00eamios!\" \/>\n<meta property=\"og:url\" content=\"https:\/\/aviatorkenya.co.ke\/mz\/login\" \/>\n<meta property=\"og:site_name\" content=\"Aviator\" \/>\n<meta property=\"article:modified_time\" content=\"2025-04-15T15:05:55+00:00\" \/>\n<meta name=\"twitter:card\" content=\"summary_large_image\" \/>\n<meta name=\"twitter:label1\" content=\"Est. reading time\" \/>\n\t<meta name=\"twitter:data1\" content=\"3 minutes\" \/>\n<!-- \/ Yoast SEO plugin. -->","yoast_head_json":{"title":"\u2708\ufe0f Aviator Login | Paripesa \u2013 Acesse e Comece a Jogar","description":"Fa\u00e7a login no Aviator via Paripesa e aproveite apostas emocionantes com dinheiro real. Entre agora e decole para grandes pr\u00eamios!","robots":{"index":"index","follow":"follow","max-snippet":"max-snippet:-1","max-image-preview":"max-image-preview:large","max-video-preview":"max-video-preview:-1"},"og_locale":"pt_PT","og_type":"article","og_title":"\u2708\ufe0f Aviator Login | Paripesa \u2013 Acesse e Comece a Jogar","og_description":"Fa\u00e7a login no Aviator via Paripesa e aproveite apostas emocionantes com dinheiro real. Entre agora e decole para grandes pr\u00eamios!","og_url":"https:\/\/aviatorkenya.co.ke\/mz\/login","og_site_name":"Aviator","article_modified_time":"2025-04-15T15:05:55+00:00","twitter_card":"summary_large_image","twitter_misc":{"Est. reading time":"3 minutes"},"schema":{"@context":"https:\/\/schema.org","@graph":[{"@type":["WebPage","FAQPage"],"@id":"https:\/\/aviatorkenya.co.ke\/mz\/login","url":"https:\/\/aviatorkenya.co.ke\/mz\/login","name":"\u2708\ufe0f Aviator Login | Paripesa \u2013 Acesse e Comece a Jogar","isPartOf":{"@id":"https:\/\/aviatorkenya.co.ke\/#website"},"datePublished":"2025-04-15T10:03:41+00:00","dateModified":"2025-04-15T15:05:55+00:00","description":"Fa\u00e7a login no Aviator via Paripesa e aproveite apostas emocionantes com dinheiro real. Entre agora e decole para grandes pr\u00eamios!","breadcrumb":{"@id":"https:\/\/aviatorkenya.co.ke\/mz\/login#breadcrumb"},"mainEntity":[{"@id":"https:\/\/aviatorkenya.co.ke\/mz\/login#faq-question-1744711080241"},{"@id":"https:\/\/aviatorkenya.co.ke\/mz\/login#faq-question-1744711101067"},{"@id":"https:\/\/aviatorkenya.co.ke\/mz\/login#faq-question-1744711111830"}],"inLanguage":"pt-MZ","potentialAction":[{"@type":"ReadAction","target":["https:\/\/aviatorkenya.co.ke\/mz\/login"]}]},{"@type":"BreadcrumbList","@id":"https:\/\/aviatorkenya.co.ke\/mz\/login#breadcrumb","itemListElement":[{"@type":"ListItem","position":1,"name":"Home","item":"https:\/\/aviatorkenya.co.ke\/mz"},{"@type":"ListItem","position":2,"name":"login"}]},{"@type":"WebSite","@id":"https:\/\/aviatorkenya.co.ke\/#website","url":"https:\/\/aviatorkenya.co.ke\/","name":"Aviator","description":"","potentialAction":[{"@type":"SearchAction","target":{"@type":"EntryPoint","urlTemplate":"https:\/\/aviatorkenya.co.ke\/?s={search_term_string}"},"query-input":"required name=search_term_string"}],"inLanguage":"pt-MZ"},{"@type":"Question","@id":"https:\/\/aviatorkenya.co.ke\/mz\/login#faq-question-1744711080241","position":1,"url":"https:\/\/aviatorkenya.co.ke\/mz\/login#faq-question-1744711080241","name":"\u00a0Que informa\u00e7\u00f5es s\u00e3o necess\u00e1rias para me registar?","answerCount":1,"acceptedAnswer":{"@type":"Answer","text":"Para registar jogo Aviator, deve fornecer um email v\u00e1lido, escolher um nome de utilizador e definir uma palavra-passe segura.Em alguns casos pode ser necess\u00e1rio confirmar a conta atrav\u00e9s de um c\u00f3digo enviado por e-mail.","inLanguage":"pt-MZ"},"inLanguage":"pt-MZ"},{"@type":"Question","@id":"https:\/\/aviatorkenya.co.ke\/mz\/login#faq-question-1744711101067","position":2,"url":"https:\/\/aviatorkenya.co.ke\/mz\/login#faq-question-1744711101067","name":"O que devo fazer se me esquecer da palavra-passe?","answerCount":1,"acceptedAnswer":{"@type":"Answer","text":"Se esquecer a sua senha, clique na op\u00e7\u00e3o \"Recuperar senha\" na p\u00e1gina de aviator jogo online login. Siga as instru\u00e7\u00f5es enviadas para o seu e-mail para redefinir a palavra-passe.","inLanguage":"pt-MZ"},"inLanguage":"pt-MZ"},{"@type":"Question","@id":"https:\/\/aviatorkenya.co.ke\/mz\/login#faq-question-1744711111830","position":3,"url":"https:\/\/aviatorkenya.co.ke\/mz\/login#faq-question-1744711111830","name":"Como garantir a seguran\u00e7a da conta?","answerCount":1,"acceptedAnswer":{"@type":"Answer","text":"Utilize uma senha forte e \u00fanica e nunca partilhe as suas credenciais do login no Aviator Paripesa. Alem disso, termine sempre a sess\u00e3o em dispositivos partilhados.","inLanguage":"pt-MZ"},"inLanguage":"pt-MZ"}]}},"_links":{"self":[{"href":"https:\/\/aviatorkenya.co.ke\/mz\/wp-json\/wp\/v2\/pages\/1000"}],"collection":[{"href":"https:\/\/aviatorkenya.co.ke\/mz\/wp-json\/wp\/v2\/pages"}],"about":[{"href":"https:\/\/aviatorkenya.co.ke\/mz\/wp-json\/wp\/v2\/types\/page"}],"author":[{"embeddable":true,"href":"https:\/\/aviatorkenya.co.ke\/mz\/wp-json\/wp\/v2\/users\/1"}],"replies":[{"embeddable":true,"href":"https:\/\/aviatorkenya.co.ke\/mz\/wp-json\/wp\/v2\/comments?post=1000"}],"version-history":[{"count":1,"href":"https:\/\/aviatorkenya.co.ke\/mz\/wp-json\/wp\/v2\/pages\/1000\/revisions"}],"predecessor-version":[{"id":1003,"href":"https:\/\/aviatorkenya.co.ke\/mz\/wp-json\/wp\/v2\/pages\/1000\/revisions\/1003"}],"wp:attachment":[{"href":"https:\/\/aviatorkenya.co.ke\/mz\/wp-json\/wp\/v2\/media?parent=1000"}],"curies":[{"name":"wp","href":"https:\/\/api.w.org\/{rel}","templated":true}]}}