{"id":776,"date":"2024-05-15T08:20:40","date_gmt":"2024-05-15T08:20:40","guid":{"rendered":"https:\/\/aviatorkenya.co.ke\/aviator-at-kenya"},"modified":"2025-04-15T14:13:51","modified_gmt":"2025-04-15T14:13:51","slug":"aviator","status":"publish","type":"page","link":"https:\/\/aviatorkenya.co.ke\/mz","title":{"rendered":"Aviator"},"content":{"rendered":"","protected":false},"excerpt":{"rendered":"","protected":false},"author":1,"featured_media":778,"parent":0,"menu_order":0,"comment_status":"closed","ping_status":"closed","template":"views\/page-home.php","meta":{"inline_featured_image":false,"footnotes":""},"acf":[],"yoast_head":"<!-- This site is optimized with the Yoast SEO plugin v22.7 - https:\/\/yoast.com\/wordpress\/plugins\/seo\/ -->\n<title>\ud83d\ude80 Jogar Aviator Mo\u00e7ambique | Ganhe Dinheiro Real Online<\/title>\n<meta name=\"description\" content=\"Jogue Aviator em Mo\u00e7ambique com apostas reais! Acesse o jogo, decole, retire no momento certo e aproveite b\u00f4nus exclusivos agora mesmo.\" \/>\n<meta name=\"robots\" content=\"index, follow, max-snippet:-1, max-image-preview:large, max-video-preview:-1\" \/>\n<meta property=\"og:locale\" content=\"pt_PT\" \/>\n<meta property=\"og:type\" content=\"article\" \/>\n<meta property=\"og:title\" content=\"\ud83d\ude80 Jogar Aviator Mo\u00e7ambique | Ganhe Dinheiro Real Online\" \/>\n<meta property=\"og:description\" content=\"Jogue Aviator em Mo\u00e7ambique com apostas reais! Acesse o jogo, decole, retire no momento certo e aproveite b\u00f4nus exclusivos agora mesmo.\" \/>\n<meta property=\"og:url\" content=\"https:\/\/aviatorkenya.co.ke\/mz\" \/>\n<meta property=\"og:site_name\" content=\"Aviator\" \/>\n<meta property=\"article:modified_time\" content=\"2025-04-15T14:13:51+00:00\" \/>\n<meta property=\"og:image\" content=\"https:\/\/aviatorkenya.co.ke\/wp-content\/uploads\/2024\/06\/aviator.jpg\" \/>\n\t<meta property=\"og:image:width\" content=\"600\" \/>\n\t<meta property=\"og:image:height\" content=\"519\" \/>\n\t<meta property=\"og:image:type\" content=\"image\/jpeg\" \/>\n<meta name=\"twitter:card\" content=\"summary_large_image\" \/>\n<meta name=\"twitter:label1\" content=\"Est. reading time\" \/>\n\t<meta name=\"twitter:data1\" content=\"1 minute\" \/>\n<!-- \/ Yoast SEO plugin. -->","yoast_head_json":{"title":"\ud83d\ude80 Jogar Aviator Mo\u00e7ambique | Ganhe Dinheiro Real Online","description":"Jogue Aviator em Mo\u00e7ambique com apostas reais! Acesse o jogo, decole, retire no momento certo e aproveite b\u00f4nus exclusivos agora mesmo.","robots":{"index":"index","follow":"follow","max-snippet":"max-snippet:-1","max-image-preview":"max-image-preview:large","max-video-preview":"max-video-preview:-1"},"og_locale":"pt_PT","og_type":"article","og_title":"\ud83d\ude80 Jogar Aviator Mo\u00e7ambique | Ganhe Dinheiro Real Online","og_description":"Jogue Aviator em Mo\u00e7ambique com apostas reais! Acesse o jogo, decole, retire no momento certo e aproveite b\u00f4nus exclusivos agora mesmo.","og_url":"https:\/\/aviatorkenya.co.ke\/mz","og_site_name":"Aviator","article_modified_time":"2025-04-15T14:13:51+00:00","og_image":[{"width":600,"height":519,"url":"https:\/\/aviatorkenya.co.ke\/wp-content\/uploads\/2024\/06\/aviator.jpg","type":"image\/jpeg"}],"twitter_card":"summary_large_image","twitter_misc":{"Est. reading time":"1 minute"},"schema":{"@context":"https:\/\/schema.org","@graph":[{"@type":["WebPage","FAQPage"],"@id":"https:\/\/aviatorkenya.co.ke\/mz","url":"https:\/\/aviatorkenya.co.ke\/mz","name":"\ud83d\ude80 Jogar Aviator Mo\u00e7ambique | Ganhe Dinheiro Real Online","isPartOf":{"@id":"https:\/\/aviatorkenya.co.ke\/#website"},"primaryImageOfPage":{"@id":"https:\/\/aviatorkenya.co.ke\/mz#primaryimage"},"image":{"@id":"https:\/\/aviatorkenya.co.ke\/mz#primaryimage"},"thumbnailUrl":"https:\/\/aviatorkenya.co.ke\/wp-content\/uploads\/2024\/06\/aviator.jpg","datePublished":"2024-05-15T08:20:40+00:00","dateModified":"2025-04-15T14:13:51+00:00","description":"Jogue Aviator em Mo\u00e7ambique com apostas reais! Acesse o jogo, decole, retire no momento certo e aproveite b\u00f4nus exclusivos agora mesmo.","breadcrumb":{"@id":"https:\/\/aviatorkenya.co.ke\/mz#breadcrumb"},"inLanguage":"pt-MZ","potentialAction":[{"@type":"ReadAction","target":["https:\/\/aviatorkenya.co.ke\/mz"]}]},{"@type":"ImageObject","inLanguage":"pt-MZ","@id":"https:\/\/aviatorkenya.co.ke\/mz#primaryimage","url":"https:\/\/aviatorkenya.co.ke\/wp-content\/uploads\/2024\/06\/aviator.jpg","contentUrl":"https:\/\/aviatorkenya.co.ke\/wp-content\/uploads\/2024\/06\/aviator.jpg","width":600,"height":519},{"@type":"BreadcrumbList","@id":"https:\/\/aviatorkenya.co.ke\/mz#breadcrumb","itemListElement":[{"@type":"ListItem","position":1,"name":"Home","item":"https:\/\/aviatorkenya.co.ke\/mz"},{"@type":"ListItem","position":2,"name":"Aviator"}]},{"@type":"WebSite","@id":"https:\/\/aviatorkenya.co.ke\/#website","url":"https:\/\/aviatorkenya.co.ke\/","name":"Aviator","description":"","potentialAction":[{"@type":"SearchAction","target":{"@type":"EntryPoint","urlTemplate":"https:\/\/aviatorkenya.co.ke\/?s={search_term_string}"},"query-input":"required name=search_term_string"}],"inLanguage":"pt-MZ"}]}},"_links":{"self":[{"href":"https:\/\/aviatorkenya.co.ke\/mz\/wp-json\/wp\/v2\/pages\/776"}],"collection":[{"href":"https:\/\/aviatorkenya.co.ke\/mz\/wp-json\/wp\/v2\/pages"}],"about":[{"href":"https:\/\/aviatorkenya.co.ke\/mz\/wp-json\/wp\/v2\/types\/page"}],"author":[{"embeddable":true,"href":"https:\/\/aviatorkenya.co.ke\/mz\/wp-json\/wp\/v2\/users\/1"}],"replies":[{"embeddable":true,"href":"https:\/\/aviatorkenya.co.ke\/mz\/wp-json\/wp\/v2\/comments?post=776"}],"version-history":[{"count":1,"href":"https:\/\/aviatorkenya.co.ke\/mz\/wp-json\/wp\/v2\/pages\/776\/revisions"}],"predecessor-version":[{"id":987,"href":"https:\/\/aviatorkenya.co.ke\/mz\/wp-json\/wp\/v2\/pages\/776\/revisions\/987"}],"wp:featuredmedia":[{"embeddable":true,"href":"https:\/\/aviatorkenya.co.ke\/mz\/wp-json\/wp\/v2\/media\/778"}],"wp:attachment":[{"href":"https:\/\/aviatorkenya.co.ke\/mz\/wp-json\/wp\/v2\/media?parent=776"}],"curies":[{"name":"wp","href":"https:\/\/api.w.org\/{rel}","templated":true}]}}