{"id":989,"date":"2025-04-14T14:47:52","date_gmt":"2025-04-14T14:47:52","guid":{"rendered":"https:\/\/aviatorkenya.co.ke\/app"},"modified":"2025-04-15T14:39:02","modified_gmt":"2025-04-15T14:39:02","slug":"app","status":"publish","type":"page","link":"https:\/\/aviatorkenya.co.ke\/mz\/app","title":{"rendered":"app"},"content":{"rendered":"\n<h1 class=\"wp-block-heading\">App Aviator Mo\u00e7ambique \u2013 Jogue no Celular com Facilidade<\/h1>\n\n\n\n<p>O jogo Aviator ou jogo do Avi\u00e3ozinho, \u00e9 uma \u00f3tima aplica\u00e7\u00e3o para aqueles que gostam de adrenalina e divers\u00e3o. F\u00e1cil de jogar e dono de mec\u00e2nica envolvente, o app oferece uma experi\u00eancia \u00fanica onde o jogador pode testar a sorte e a estrat\u00e9gia. Dispon\u00edvel para Android e iOS, o jogo pode ser encontrado nas lojas virtuais ou pelo <a href=\"\/mz\/\">Aviator Paripesa<\/a>, que \u00e9 a melhor aplica\u00e7\u00e3o de jogo de Aviator da internet, que permite-lhe jogar em qualquer lugar com total seguran\u00e7a.<\/p>\n\n\n\n<p class=\"has-text-align-center\"><strong><em>\ud83d\udcf2 Descarregue agora e prepare-se para decolar!<\/em><\/strong><\/p>\n\n\n\n<h2 class=\"wp-block-heading\">Baixar o Aplicativo Aviator para Android e Come\u00e7ar a Jogar!<\/h2>\n\n\n\n<p>Se voc\u00ea quer jogar a melhor aplica\u00e7\u00e3o de jogo do Aviator no seu dispositivo Android, permitindo-lhe desfrutar de momentos de pura adrenalina onde quer que esteja, entao continue a ler. O jogo online Aviator \u00e9 compat\u00edvel com vers\u00f5es Android 5.0 ou superior e requer apenas alguns passos para ser instalado. Basta seguir nosso guia de instala\u00e7\u00e3o para o melhor aplica\u00e7\u00e3o de jogo de Aviator e descarregar o .APK.<\/p>\n\n\n\n<figure class=\"wp-block-table\"><table><tbody><tr><td><strong>Requisitos<\/strong><\/td><td><strong>Detalhes<\/strong><\/td><\/tr><tr><td><strong>Sistema Operacional<\/strong><\/td><td>Android 5.0 ou superior<\/td><\/tr><tr><td><strong>Armazenamento<\/strong><\/td><td>M\u00ednimo 100 MB livres<\/td><\/tr><tr><td><strong>RAM<\/strong><\/td><td>1 GB ou mais<\/td><\/tr><tr><td><strong>Conectividade<\/strong><\/td><td>Internet necess\u00e1ria<\/td><\/tr><\/tbody><\/table><\/figure>\n\n\n\n<h2 class=\"wp-block-heading\">Como Instalar o Arquivo APK no Meu Android<\/h2>\n\n\n\n<p>Instalar o jogo online de Aviator APK no seu dispositivo Android \u00e9 f\u00e1cil! Siga estes passos para concluir a instala\u00e7\u00e3o com sucesso.<br>Passo a Passo<\/p>\n\n\n\n<ol>\n<li>Ativar fontes desconhecidas\n<ul>\n<li>Aceda a Defini\u00e7\u00f5es > Seguran\u00e7a.<\/li>\n\n\n\n<li>Ative a op\u00e7\u00e3o &#8220;Instalar de fontes desconhecidas&#8221; para permitir a instala\u00e7\u00e3o do APK.<\/li>\n<\/ul>\n<\/li>\n\n\n\n<li>Transferir o arquivo APK\n<ul>\n<li>Fa\u00e7a o download da aplica\u00e7\u00e3o do jogo Aviator APK para Android atrav\u00e9s do link oficial.<\/li>\n<\/ul>\n<\/li>\n\n\n\n<li>Localizar e instalar\n<ul>\n<li>Abra a pasta Transfer\u00eancias e toque no ficheiro APK.<\/li>\n\n\n\n<li>Toque em Instalar Aviator Paripesa e aguarde a conclus\u00e3o do processo.<\/li>\n<\/ul>\n<\/li>\n<\/ol>\n\n\n\n<p>Dicas de Resolu\u00e7\u00e3o de Problemas<\/p>\n\n\n\n<ul>\n<li>Erro de instala\u00e7\u00e3o? Verifique se o seu dispositivo cumpre os requisitos m\u00ednimos:\n<ul>\n<li>Android 5.0 ou superior, 1 GB de RAM, 100 MB livres.<\/li>\n<\/ul>\n<\/li>\n\n\n\n<li>Outras solu\u00e7\u00f5es: Reinicie o dispositivo e tente novamente.<\/li>\n<\/ul>\n\n\n\n<h2 class=\"wp-block-heading\">Baixar o Aplica\u00e7\u00e3o jogo Aviator para iOS<\/h2>\n\n\n\n<p>A Aplica\u00e7\u00e3o jogo Aviator est\u00e1 dispon\u00edvel tambem para utilizadores de iPhone, garantindo uma experi\u00eancia flu\u00edda e otimizada no iOS. O jogo adapta-se perfeitamente ao universo Apple proporcionando um desempenho est\u00e1vel para voc\u00ea jogar aplica\u00e7\u00e3o jogo Aviator sem interrup\u00e7\u00f5es.<\/p>\n\n\n\n<figure class=\"wp-block-table\"><table><tbody><tr><td><strong>Requisitos<\/strong><\/td><td><strong>Detalhes<\/strong><\/td><\/tr><tr><td><strong>Dispositivo<\/strong><\/td><td>iPhone 7 ou superior<\/td><\/tr><tr><td><strong>SO<\/strong><\/td><td>iOS 11.0 ou superior<\/td><\/tr><tr><td><strong>Armazenamento<\/strong><\/td><td>M\u00ednimo 150 MB livres<\/td><\/tr><tr><td><strong>Conectividade<\/strong><\/td><td>Internet necess\u00e1ria<\/td><\/tr><\/tbody><\/table><\/figure>\n\n\n\n<p>O jogo \u00e9 compat\u00edvel com muitos modelos de iPhone, garantindo uma experiencia perfeita em dispositivos mais recentes e vers\u00f5es atualizadas do iOS. Seguir o guia de instala\u00e7\u00e3o ajuda a concluir o processo corretamente.<\/p>\n\n\n\n<h2 class=\"wp-block-heading\">Como Instalar a Aplica\u00e7\u00e3o Aviator no Seu iPhone<\/h2>\n\n\n\n<p>Instalar o jogo online do Aviator no seu iPhone \u00e9 simples e rapido. Basta seguir estes passos para come\u00e7ar a jogar sem dificuldades.<\/p>\n\n\n\n<p>Passo a Passo<\/p>\n\n\n\n<ol>\n<li>Abrir a App Store\n<ul>\n<li>No seu iPhone, abra a App Store e certifique-se de que est\u00e1 ligado \u00e0 internet.<\/li>\n<\/ul>\n<\/li>\n\n\n\n<li>Procurar a aplica\u00e7\u00e3o\n<ul>\n<li>Na barra de pesquisa, escreva Aviator Paripesa e toque na aplica\u00e7\u00e3o oficial.<\/li>\n<\/ul>\n<\/li>\n\n\n\n<li>Descarregar e instalar\n<ul>\n<li>Toque em Obter e aguarde a instala\u00e7\u00e3o completa.<\/li>\n<\/ul>\n<\/li>\n\n\n\n<li>Ativar notifica\u00e7\u00f5es\n<ul>\n<li>Ao abrir a aplica\u00e7\u00e3o de login do jogo Aviator pela primeira vez, permita notifica\u00e7\u00f5es para receber atualiza\u00e7\u00f5es, promo\u00e7\u00f5es e novidades exclusivas.<\/li>\n<\/ul>\n<\/li>\n<\/ol>\n\n\n\n<h3 class=\"wp-block-heading\">Nota Importante<\/h3>\n\n\n\n<p>Se a aplica\u00e7\u00e3o n\u00e3o estiver dispon\u00edvel na App Store, pode haver restri\u00e7\u00f5es regionais. Para resolver, v\u00e1 \u00e0s Defini\u00e7\u00f5es da sua conta Apple, aceda a op\u00e7\u00e3o Regi\u00e3o e Pa\u00eds e altere para um local onde o jogo esteja dispon\u00edvel.<\/p>\n\n\n\n<h2 class=\"wp-block-heading\">FAQ <\/h2>\n\n\n\n<div class=\"schema-faq\"><div class=\"schema-faq-section\" id=\"faq-question-1744727843195\"><strong class=\"schema-faq-question\">Como ganhar o jogo de Aviator online?<\/strong> <p class=\"schema-faq-answer\">O Aviator \u00e9 um jogo de apostas baseado em probabilidades. Para aumentar as hip\u00f3teses de ganhar, defina um limite de apostas, utilize estrat\u00e9gias como o cashout antecipado e acompanhe as tend\u00eancias do jogo.<\/p> <\/div> <div class=\"schema-faq-section\" id=\"faq-question-1744727856865\"><strong class=\"schema-faq-question\">Como depositar dinheiro no Aviator Game online?<\/strong> <p class=\"schema-faq-answer\">Entre na plataforma onde joga Aviator, v\u00e1 a sec\u00e7\u00e3o de dep\u00f3sitos, escolha um m\u00e9todo de pagamento e siga as instru\u00e7\u00f5es para concluir a transa\u00e7\u00e3o.<\/p> <\/div> <div class=\"schema-faq-section\" id=\"faq-question-1744727866914\"><strong class=\"schema-faq-question\">Como registar-se no Aviator Game online?<\/strong> <p class=\"schema-faq-answer\">Procure por Aviator Paripesa, baixe a aplica\u00e7\u00e3o, clique em Registar, preencha os dados necess\u00e1rios e confirme a conta.<\/p> <\/div> <\/div>\n","protected":false},"excerpt":{"rendered":"<p>App Aviator Mo\u00e7ambique \u2013 Jogue no Celular com Facilidade O jogo Aviator ou jogo do Avi\u00e3ozinho, \u00e9 uma \u00f3tima aplica\u00e7\u00e3o para aqueles que gostam de adrenalina e divers\u00e3o. F\u00e1cil de jogar e dono de mec\u00e2nica envolvente, o app oferece uma experi\u00eancia \u00fanica onde o jogador pode testar a sorte e a estrat\u00e9gia. Dispon\u00edvel para Android [&hellip;]<\/p>\n","protected":false},"author":1,"featured_media":0,"parent":0,"menu_order":0,"comment_status":"closed","ping_status":"closed","template":"","meta":{"inline_featured_image":false,"footnotes":""},"acf":[],"yoast_head":"<!-- This site is optimized with the Yoast SEO plugin v22.7 - https:\/\/yoast.com\/wordpress\/plugins\/seo\/ -->\n<title>App Aviator Mo\u00e7ambique | Baixe e Jogue no Celular | .APK \ud83d\udcf1<\/title>\n<meta name=\"description\" content=\"Baixe o App Aviator em Mo\u00e7ambique para Android e iOS. Jogue com dinheiro real, receba b\u00f4nus e aproveite a emo\u00e7\u00e3o a qualquer hora! \ud83d\ude80\" \/>\n<meta name=\"robots\" content=\"index, follow, max-snippet:-1, max-image-preview:large, max-video-preview:-1\" \/>\n<meta property=\"og:locale\" content=\"pt_PT\" \/>\n<meta property=\"og:type\" content=\"article\" \/>\n<meta property=\"og:title\" content=\"App Aviator Mo\u00e7ambique | Baixe e Jogue no Celular | .APK \ud83d\udcf1\" \/>\n<meta property=\"og:description\" content=\"Baixe o App Aviator em Mo\u00e7ambique para Android e iOS. Jogue com dinheiro real, receba b\u00f4nus e aproveite a emo\u00e7\u00e3o a qualquer hora! \ud83d\ude80\" \/>\n<meta property=\"og:url\" content=\"https:\/\/aviatorkenya.co.ke\/mz\/app\" \/>\n<meta property=\"og:site_name\" content=\"Aviator\" \/>\n<meta property=\"article:modified_time\" content=\"2025-04-15T14:39:02+00:00\" \/>\n<meta name=\"twitter:card\" content=\"summary_large_image\" \/>\n<meta name=\"twitter:label1\" content=\"Est. reading time\" \/>\n\t<meta name=\"twitter:data1\" content=\"3 minutes\" \/>\n<!-- \/ Yoast SEO plugin. -->","yoast_head_json":{"title":"App Aviator Mo\u00e7ambique | Baixe e Jogue no Celular | .APK \ud83d\udcf1","description":"Baixe o App Aviator em Mo\u00e7ambique para Android e iOS. Jogue com dinheiro real, receba b\u00f4nus e aproveite a emo\u00e7\u00e3o a qualquer hora! \ud83d\ude80","robots":{"index":"index","follow":"follow","max-snippet":"max-snippet:-1","max-image-preview":"max-image-preview:large","max-video-preview":"max-video-preview:-1"},"og_locale":"pt_PT","og_type":"article","og_title":"App Aviator Mo\u00e7ambique | Baixe e Jogue no Celular | .APK \ud83d\udcf1","og_description":"Baixe o App Aviator em Mo\u00e7ambique para Android e iOS. Jogue com dinheiro real, receba b\u00f4nus e aproveite a emo\u00e7\u00e3o a qualquer hora! \ud83d\ude80","og_url":"https:\/\/aviatorkenya.co.ke\/mz\/app","og_site_name":"Aviator","article_modified_time":"2025-04-15T14:39:02+00:00","twitter_card":"summary_large_image","twitter_misc":{"Est. reading time":"3 minutes"},"schema":{"@context":"https:\/\/schema.org","@graph":[{"@type":["WebPage","FAQPage"],"@id":"https:\/\/aviatorkenya.co.ke\/mz\/app","url":"https:\/\/aviatorkenya.co.ke\/mz\/app","name":"App Aviator Mo\u00e7ambique | Baixe e Jogue no Celular | .APK \ud83d\udcf1","isPartOf":{"@id":"https:\/\/aviatorkenya.co.ke\/#website"},"datePublished":"2025-04-14T14:47:52+00:00","dateModified":"2025-04-15T14:39:02+00:00","description":"Baixe o App Aviator em Mo\u00e7ambique para Android e iOS. Jogue com dinheiro real, receba b\u00f4nus e aproveite a emo\u00e7\u00e3o a qualquer hora! \ud83d\ude80","breadcrumb":{"@id":"https:\/\/aviatorkenya.co.ke\/mz\/app#breadcrumb"},"mainEntity":[{"@id":"https:\/\/aviatorkenya.co.ke\/mz\/app#faq-question-1744727843195"},{"@id":"https:\/\/aviatorkenya.co.ke\/mz\/app#faq-question-1744727856865"},{"@id":"https:\/\/aviatorkenya.co.ke\/mz\/app#faq-question-1744727866914"}],"inLanguage":"pt-MZ","potentialAction":[{"@type":"ReadAction","target":["https:\/\/aviatorkenya.co.ke\/mz\/app"]}]},{"@type":"BreadcrumbList","@id":"https:\/\/aviatorkenya.co.ke\/mz\/app#breadcrumb","itemListElement":[{"@type":"ListItem","position":1,"name":"Home","item":"https:\/\/aviatorkenya.co.ke\/mz"},{"@type":"ListItem","position":2,"name":"app"}]},{"@type":"WebSite","@id":"https:\/\/aviatorkenya.co.ke\/#website","url":"https:\/\/aviatorkenya.co.ke\/","name":"Aviator","description":"","potentialAction":[{"@type":"SearchAction","target":{"@type":"EntryPoint","urlTemplate":"https:\/\/aviatorkenya.co.ke\/?s={search_term_string}"},"query-input":"required name=search_term_string"}],"inLanguage":"pt-MZ"},{"@type":"Question","@id":"https:\/\/aviatorkenya.co.ke\/mz\/app#faq-question-1744727843195","position":1,"url":"https:\/\/aviatorkenya.co.ke\/mz\/app#faq-question-1744727843195","name":"Como ganhar o jogo de Aviator online?","answerCount":1,"acceptedAnswer":{"@type":"Answer","text":"O Aviator \u00e9 um jogo de apostas baseado em probabilidades. Para aumentar as hip\u00f3teses de ganhar, defina um limite de apostas, utilize estrat\u00e9gias como o cashout antecipado e acompanhe as tend\u00eancias do jogo.","inLanguage":"pt-MZ"},"inLanguage":"pt-MZ"},{"@type":"Question","@id":"https:\/\/aviatorkenya.co.ke\/mz\/app#faq-question-1744727856865","position":2,"url":"https:\/\/aviatorkenya.co.ke\/mz\/app#faq-question-1744727856865","name":"Como depositar dinheiro no Aviator Game online?","answerCount":1,"acceptedAnswer":{"@type":"Answer","text":"Entre na plataforma onde joga Aviator, v\u00e1 a sec\u00e7\u00e3o de dep\u00f3sitos, escolha um m\u00e9todo de pagamento e siga as instru\u00e7\u00f5es para concluir a transa\u00e7\u00e3o.","inLanguage":"pt-MZ"},"inLanguage":"pt-MZ"},{"@type":"Question","@id":"https:\/\/aviatorkenya.co.ke\/mz\/app#faq-question-1744727866914","position":3,"url":"https:\/\/aviatorkenya.co.ke\/mz\/app#faq-question-1744727866914","name":"Como registar-se no Aviator Game online?","answerCount":1,"acceptedAnswer":{"@type":"Answer","text":"Procure por Aviator Paripesa, baixe a aplica\u00e7\u00e3o, clique em Registar, preencha os dados necess\u00e1rios e confirme a conta.","inLanguage":"pt-MZ"},"inLanguage":"pt-MZ"}]}},"_links":{"self":[{"href":"https:\/\/aviatorkenya.co.ke\/mz\/wp-json\/wp\/v2\/pages\/989"}],"collection":[{"href":"https:\/\/aviatorkenya.co.ke\/mz\/wp-json\/wp\/v2\/pages"}],"about":[{"href":"https:\/\/aviatorkenya.co.ke\/mz\/wp-json\/wp\/v2\/types\/page"}],"author":[{"embeddable":true,"href":"https:\/\/aviatorkenya.co.ke\/mz\/wp-json\/wp\/v2\/users\/1"}],"replies":[{"embeddable":true,"href":"https:\/\/aviatorkenya.co.ke\/mz\/wp-json\/wp\/v2\/comments?post=989"}],"version-history":[{"count":1,"href":"https:\/\/aviatorkenya.co.ke\/mz\/wp-json\/wp\/v2\/pages\/989\/revisions"}],"predecessor-version":[{"id":995,"href":"https:\/\/aviatorkenya.co.ke\/mz\/wp-json\/wp\/v2\/pages\/989\/revisions\/995"}],"wp:attachment":[{"href":"https:\/\/aviatorkenya.co.ke\/mz\/wp-json\/wp\/v2\/media?parent=989"}],"curies":[{"name":"wp","href":"https:\/\/api.w.org\/{rel}","templated":true}]}}